{"id":25451,"date":"2026-01-05T17:08:27","date_gmt":"2026-01-05T20:08:27","guid":{"rendered":"https:\/\/swissnex.org\/brazil\/?page_id=25451"},"modified":"2026-04-20T09:46:08","modified_gmt":"2026-04-20T12:46:08","slug":"expert-network-brazil","status":"publish","type":"page","link":"https:\/\/swissnex.org\/brazil\/about-us\/our-work\/innovation\/expert-network-brazil\/","title":{"rendered":"Expert Network Brazil"},"content":{"rendered":"","protected":false},"excerpt":{"rendered":"","protected":false},"author":81,"featured_media":25648,"parent":365,"menu_order":0,"comment_status":"closed","ping_status":"closed","template":"page-no-hero.php","meta":{"_acf_changed":false,"_relevanssi_hide_post":"","_relevanssi_hide_content":"","_relevanssi_pin_for_all":"","_relevanssi_pin_keywords":"","_relevanssi_unpin_keywords":"","_relevanssi_related_keywords":"","_relevanssi_related_include_ids":"","_relevanssi_related_exclude_ids":"","_relevanssi_related_no_append":"","_relevanssi_related_not_related":"","_relevanssi_related_posts":"","_relevanssi_noindex_reason":"","footnotes":""},"class_list":["post-25451","page","type-page","status-publish","has-post-thumbnail","hentry"],"acf":[],"yoast_head":"<!-- This site is optimized with the Yoast SEO plugin v27.2 - https:\/\/yoast.com\/product\/yoast-seo-wordpress\/ -->\n<title>Expert Network Brazil - Swissnex no Brasil<\/title>\n<meta name=\"description\" content=\"The Swissnex\u2019s Expert Network in Brazil is a strategic platform that connects researchers, entrepreneurs, and experienced professionals across diverse fields, strengthening the dialogue between science, innovation, education, and industry. Through this network, Swissnex maintains active connections with leading Brazilian experts, and fosters meaningful exchanges between the Brazilian and Swiss ecosystems. The initiative enriches the experience of participants and partners while consolidating a specialized community that is open to collaboration and oriented toward long term impact.\" \/>\n<meta name=\"robots\" content=\"index, follow, max-snippet:-1, max-image-preview:large, max-video-preview:-1\" \/>\n<link rel=\"canonical\" href=\"https:\/\/swissnex.org\/brazil\/about-us\/our-work\/innovation\/expert-network-brazil\/\" \/>\n<meta property=\"og:locale\" content=\"en_US\" \/>\n<meta property=\"og:type\" content=\"article\" \/>\n<meta property=\"og:title\" content=\"Expert Network Brazil - Swissnex no Brasil\" \/>\n<meta property=\"og:description\" content=\"The Swissnex\u2019s Expert Network in Brazil is a strategic platform that connects researchers, entrepreneurs, and experienced professionals across diverse fields, strengthening the dialogue between science, innovation, education, and industry. Through this network, Swissnex maintains active connections with leading Brazilian experts, and fosters meaningful exchanges between the Brazilian and Swiss ecosystems. The initiative enriches the experience of participants and partners while consolidating a specialized community that is open to collaboration and oriented toward long term impact.\" \/>\n<meta property=\"og:url\" content=\"https:\/\/swissnex.org\/brazil\/about-us\/our-work\/innovation\/expert-network-brazil\/\" \/>\n<meta property=\"og:site_name\" content=\"Swissnex no Brasil\" \/>\n<meta property=\"article:modified_time\" content=\"2026-04-20T12:46:08+00:00\" \/>\n<meta property=\"og:image\" content=\"https:\/\/swissnex.org\/app\/uploads\/sites\/9\/2023\/11\/DJI_0617-1200x628-c-default.jpg\" \/>\n\t<meta property=\"og:image:width\" content=\"1200\" \/>\n\t<meta property=\"og:image:height\" content=\"628\" \/>\n\t<meta property=\"og:image:type\" content=\"image\/jpg\" \/>\n<meta name=\"twitter:card\" content=\"summary_large_image\" \/>\n<meta name=\"twitter:label1\" content=\"Est. reading time\" \/>\n\t<meta name=\"twitter:data1\" content=\"1 minute\" \/>\n<script type=\"application\/ld+json\" class=\"yoast-schema-graph\">{\"@context\":\"https:\/\/schema.org\",\"@graph\":[{\"@type\":\"WebPage\",\"@id\":\"https:\/\/swissnex.org\/brazil\/about-us\/our-work\/innovation\/expert-network-brazil\/\",\"url\":\"https:\/\/swissnex.org\/brazil\/about-us\/our-work\/innovation\/expert-network-brazil\/\",\"name\":\"Expert Network Brazil - Swissnex no Brasil\",\"isPartOf\":{\"@id\":\"https:\/\/swissnex.org\/brazil\/#website\"},\"primaryImageOfPage\":{\"@id\":\"https:\/\/swissnex.org\/brazil\/about-us\/our-work\/innovation\/expert-network-brazil\/#primaryimage\"},\"image\":{\"@id\":\"https:\/\/swissnex.org\/brazil\/about-us\/our-work\/innovation\/expert-network-brazil\/#primaryimage\"},\"thumbnailUrl\":\"https:\/\/swissnex.org\/app\/uploads\/sites\/9\/2026\/01\/expert-network-startup-page-swissnex-brazil.jpg\",\"datePublished\":\"2026-01-05T20:08:27+00:00\",\"dateModified\":\"2026-04-20T12:46:08+00:00\",\"description\":\"The Swissnex\u2019s Expert Network in Brazil is a strategic platform that connects researchers, entrepreneurs, and experienced professionals across diverse fields, strengthening the dialogue between science, innovation, education, and industry. Through this network, Swissnex maintains active connections with leading Brazilian experts, and fosters meaningful exchanges between the Brazilian and Swiss ecosystems. The initiative enriches the experience of participants and partners while consolidating a specialized community that is open to collaboration and oriented toward long term impact.\",\"breadcrumb\":{\"@id\":\"https:\/\/swissnex.org\/brazil\/about-us\/our-work\/innovation\/expert-network-brazil\/#breadcrumb\"},\"inLanguage\":\"en-US\",\"potentialAction\":[{\"@type\":\"ReadAction\",\"target\":[\"https:\/\/swissnex.org\/brazil\/about-us\/our-work\/innovation\/expert-network-brazil\/\"]}]},{\"@type\":\"ImageObject\",\"inLanguage\":\"en-US\",\"@id\":\"https:\/\/swissnex.org\/brazil\/about-us\/our-work\/innovation\/expert-network-brazil\/#primaryimage\",\"url\":\"https:\/\/swissnex.org\/app\/uploads\/sites\/9\/2026\/01\/expert-network-startup-page-swissnex-brazil.jpg\",\"contentUrl\":\"https:\/\/swissnex.org\/app\/uploads\/sites\/9\/2026\/01\/expert-network-startup-page-swissnex-brazil.jpg\",\"width\":1913,\"height\":1175},{\"@type\":\"BreadcrumbList\",\"@id\":\"https:\/\/swissnex.org\/brazil\/about-us\/our-work\/innovation\/expert-network-brazil\/#breadcrumb\",\"itemListElement\":[{\"@type\":\"ListItem\",\"position\":1,\"name\":\"Home\",\"item\":\"https:\/\/swissnex.org\/brazil\/\"},{\"@type\":\"ListItem\",\"position\":2,\"name\":\"About us\",\"item\":\"https:\/\/swissnex.org\/brazil\/about-us\/\"},{\"@type\":\"ListItem\",\"position\":3,\"name\":\"Our Work\",\"item\":\"https:\/\/swissnex.org\/brazil\/about-us\/our-work\/\"},{\"@type\":\"ListItem\",\"position\":4,\"name\":\"Innovation\",\"item\":\"https:\/\/swissnex.org\/brazil\/about-us\/our-work\/innovation\/\"},{\"@type\":\"ListItem\",\"position\":5,\"name\":\"Expert Network Brazil\"}]},{\"@type\":\"WebSite\",\"@id\":\"https:\/\/swissnex.org\/brazil\/#website\",\"url\":\"https:\/\/swissnex.org\/brazil\/\",\"name\":\"Swissnex no Brasil\",\"description\":\"Conectando o mundo e a Su\u00ed\u00e7a em ci\u00eancia, educa\u00e7\u00e3o, arte e inova\u00e7\u00e3o.\",\"publisher\":{\"@id\":\"https:\/\/swissnex.org\/brazil\/#organization\"},\"potentialAction\":[{\"@type\":\"SearchAction\",\"target\":{\"@type\":\"EntryPoint\",\"urlTemplate\":\"https:\/\/swissnex.org\/brazil\/?s={search_term_string}\"},\"query-input\":{\"@type\":\"PropertyValueSpecification\",\"valueRequired\":true,\"valueName\":\"search_term_string\"}}],\"inLanguage\":\"en-US\"},{\"@type\":\"Organization\",\"@id\":\"https:\/\/swissnex.org\/brazil\/#organization\",\"name\":\"Swissnex no Brasil\",\"url\":\"https:\/\/swissnex.org\/brazil\/\",\"logo\":{\"@type\":\"ImageObject\",\"inLanguage\":\"en-US\",\"@id\":\"https:\/\/swissnex.org\/brazil\/#\/schema\/logo\/image\/\",\"url\":\"https:\/\/swissnex.org\/app\/uploads\/sites\/9\/2022\/02\/SN_POS_RGB.png\",\"contentUrl\":\"https:\/\/swissnex.org\/app\/uploads\/sites\/9\/2022\/02\/SN_POS_RGB.png\",\"width\":3300,\"height\":1218,\"caption\":\"Swissnex no Brasil\"},\"image\":{\"@id\":\"https:\/\/swissnex.org\/brazil\/#\/schema\/logo\/image\/\"}}]}<\/script>\n<!-- \/ Yoast SEO plugin. -->","yoast_head_json":{"title":"Expert Network Brazil - Swissnex no Brasil","description":"The Swissnex\u2019s Expert Network in Brazil is a strategic platform that connects researchers, entrepreneurs, and experienced professionals across diverse fields, strengthening the dialogue between science, innovation, education, and industry. Through this network, Swissnex maintains active connections with leading Brazilian experts, and fosters meaningful exchanges between the Brazilian and Swiss ecosystems. The initiative enriches the experience of participants and partners while consolidating a specialized community that is open to collaboration and oriented toward long term impact.","robots":{"index":"index","follow":"follow","max-snippet":"max-snippet:-1","max-image-preview":"max-image-preview:large","max-video-preview":"max-video-preview:-1"},"canonical":"https:\/\/swissnex.org\/brazil\/about-us\/our-work\/innovation\/expert-network-brazil\/","og_locale":"en_US","og_type":"article","og_title":"Expert Network Brazil - Swissnex no Brasil","og_description":"The Swissnex\u2019s Expert Network in Brazil is a strategic platform that connects researchers, entrepreneurs, and experienced professionals across diverse fields, strengthening the dialogue between science, innovation, education, and industry. Through this network, Swissnex maintains active connections with leading Brazilian experts, and fosters meaningful exchanges between the Brazilian and Swiss ecosystems. The initiative enriches the experience of participants and partners while consolidating a specialized community that is open to collaboration and oriented toward long term impact.","og_url":"https:\/\/swissnex.org\/brazil\/about-us\/our-work\/innovation\/expert-network-brazil\/","og_site_name":"Swissnex no Brasil","article_modified_time":"2026-04-20T12:46:08+00:00","og_image":[{"url":"https:\/\/swissnex.org\/app\/uploads\/sites\/9\/2023\/11\/DJI_0617-1200x628-c-default.jpg","width":1200,"height":628,"type":"image\/jpg"}],"twitter_card":"summary_large_image","twitter_misc":{"Est. reading time":"1 minute"},"schema":{"@context":"https:\/\/schema.org","@graph":[{"@type":"WebPage","@id":"https:\/\/swissnex.org\/brazil\/about-us\/our-work\/innovation\/expert-network-brazil\/","url":"https:\/\/swissnex.org\/brazil\/about-us\/our-work\/innovation\/expert-network-brazil\/","name":"Expert Network Brazil - Swissnex no Brasil","isPartOf":{"@id":"https:\/\/swissnex.org\/brazil\/#website"},"primaryImageOfPage":{"@id":"https:\/\/swissnex.org\/brazil\/about-us\/our-work\/innovation\/expert-network-brazil\/#primaryimage"},"image":{"@id":"https:\/\/swissnex.org\/brazil\/about-us\/our-work\/innovation\/expert-network-brazil\/#primaryimage"},"thumbnailUrl":"https:\/\/swissnex.org\/app\/uploads\/sites\/9\/2026\/01\/expert-network-startup-page-swissnex-brazil.jpg","datePublished":"2026-01-05T20:08:27+00:00","dateModified":"2026-04-20T12:46:08+00:00","description":"The Swissnex\u2019s Expert Network in Brazil is a strategic platform that connects researchers, entrepreneurs, and experienced professionals across diverse fields, strengthening the dialogue between science, innovation, education, and industry. Through this network, Swissnex maintains active connections with leading Brazilian experts, and fosters meaningful exchanges between the Brazilian and Swiss ecosystems. The initiative enriches the experience of participants and partners while consolidating a specialized community that is open to collaboration and oriented toward long term impact.","breadcrumb":{"@id":"https:\/\/swissnex.org\/brazil\/about-us\/our-work\/innovation\/expert-network-brazil\/#breadcrumb"},"inLanguage":"en-US","potentialAction":[{"@type":"ReadAction","target":["https:\/\/swissnex.org\/brazil\/about-us\/our-work\/innovation\/expert-network-brazil\/"]}]},{"@type":"ImageObject","inLanguage":"en-US","@id":"https:\/\/swissnex.org\/brazil\/about-us\/our-work\/innovation\/expert-network-brazil\/#primaryimage","url":"https:\/\/swissnex.org\/app\/uploads\/sites\/9\/2026\/01\/expert-network-startup-page-swissnex-brazil.jpg","contentUrl":"https:\/\/swissnex.org\/app\/uploads\/sites\/9\/2026\/01\/expert-network-startup-page-swissnex-brazil.jpg","width":1913,"height":1175},{"@type":"BreadcrumbList","@id":"https:\/\/swissnex.org\/brazil\/about-us\/our-work\/innovation\/expert-network-brazil\/#breadcrumb","itemListElement":[{"@type":"ListItem","position":1,"name":"Home","item":"https:\/\/swissnex.org\/brazil\/"},{"@type":"ListItem","position":2,"name":"About us","item":"https:\/\/swissnex.org\/brazil\/about-us\/"},{"@type":"ListItem","position":3,"name":"Our Work","item":"https:\/\/swissnex.org\/brazil\/about-us\/our-work\/"},{"@type":"ListItem","position":4,"name":"Innovation","item":"https:\/\/swissnex.org\/brazil\/about-us\/our-work\/innovation\/"},{"@type":"ListItem","position":5,"name":"Expert Network Brazil"}]},{"@type":"WebSite","@id":"https:\/\/swissnex.org\/brazil\/#website","url":"https:\/\/swissnex.org\/brazil\/","name":"Swissnex no Brasil","description":"Conectando o mundo e a Su\u00ed\u00e7a em ci\u00eancia, educa\u00e7\u00e3o, arte e inova\u00e7\u00e3o.","publisher":{"@id":"https:\/\/swissnex.org\/brazil\/#organization"},"potentialAction":[{"@type":"SearchAction","target":{"@type":"EntryPoint","urlTemplate":"https:\/\/swissnex.org\/brazil\/?s={search_term_string}"},"query-input":{"@type":"PropertyValueSpecification","valueRequired":true,"valueName":"search_term_string"}}],"inLanguage":"en-US"},{"@type":"Organization","@id":"https:\/\/swissnex.org\/brazil\/#organization","name":"Swissnex no Brasil","url":"https:\/\/swissnex.org\/brazil\/","logo":{"@type":"ImageObject","inLanguage":"en-US","@id":"https:\/\/swissnex.org\/brazil\/#\/schema\/logo\/image\/","url":"https:\/\/swissnex.org\/app\/uploads\/sites\/9\/2022\/02\/SN_POS_RGB.png","contentUrl":"https:\/\/swissnex.org\/app\/uploads\/sites\/9\/2022\/02\/SN_POS_RGB.png","width":3300,"height":1218,"caption":"Swissnex no Brasil"},"image":{"@id":"https:\/\/swissnex.org\/brazil\/#\/schema\/logo\/image\/"}}]}},"_links":{"self":[{"href":"https:\/\/swissnex.org\/brazil\/wp-json\/wp\/v2\/pages\/25451","targetHints":{"allow":["GET"]}}],"collection":[{"href":"https:\/\/swissnex.org\/brazil\/wp-json\/wp\/v2\/pages"}],"about":[{"href":"https:\/\/swissnex.org\/brazil\/wp-json\/wp\/v2\/types\/page"}],"author":[{"embeddable":true,"href":"https:\/\/swissnex.org\/brazil\/wp-json\/wp\/v2\/users\/81"}],"replies":[{"embeddable":true,"href":"https:\/\/swissnex.org\/brazil\/wp-json\/wp\/v2\/comments?post=25451"}],"version-history":[{"count":4,"href":"https:\/\/swissnex.org\/brazil\/wp-json\/wp\/v2\/pages\/25451\/revisions"}],"predecessor-version":[{"id":26172,"href":"https:\/\/swissnex.org\/brazil\/wp-json\/wp\/v2\/pages\/25451\/revisions\/26172"}],"up":[{"embeddable":true,"href":"https:\/\/swissnex.org\/brazil\/wp-json\/wp\/v2\/pages\/365"}],"wp:featuredmedia":[{"embeddable":true,"href":"https:\/\/swissnex.org\/brazil\/wp-json\/wp\/v2\/media\/25648"}],"wp:attachment":[{"href":"https:\/\/swissnex.org\/brazil\/wp-json\/wp\/v2\/media?parent=25451"}],"curies":[{"name":"wp","href":"https:\/\/api.w.org\/{rel}","templated":true}]}}